{"id":2197,"date":"2024-08-20T15:12:48","date_gmt":"2024-08-20T13:12:48","guid":{"rendered":"https:\/\/motorrevivalzolder.be\/?page_id=2197"},"modified":"2025-03-20T12:25:09","modified_gmt":"2025-03-20T11:25:09","slug":"clubs-exposanten","status":"publish","type":"page","link":"https:\/\/motorrevivalzolder.be\/fr\/clubs-exposanten\/","title":{"rendered":"Clubs &amp; Exposants"},"content":{"rendered":"<div data-elementor-type=\"wp-page\" data-elementor-id=\"2197\" class=\"elementor elementor-2197\" data-elementor-settings=\"{&quot;ha_cmc_init_switcher&quot;:&quot;no&quot;}\" data-elementor-post-type=\"page\">\n\t\t\t\t\t\t<section data-dce-background-image-url=\"https:\/\/motorrevivalzolder.be\/wp-content\/uploads\/2024\/08\/bg-title-2048x227.png\" class=\"elementor-section elementor-top-section elementor-element elementor-element-ff8394c elementor-section-boxed elementor-section-height-default elementor-section-height-default\" data-id=\"ff8394c\" data-element_type=\"section\" data-e-type=\"section\" data-settings=\"{&quot;background_background&quot;:&quot;classic&quot;,&quot;_ha_eqh_enable&quot;:false}\">\n\t\t\t\t\t\t<div class=\"elementor-container elementor-column-gap-default\">\n\t\t\t\t\t<div class=\"elementor-column elementor-col-100 elementor-top-column elementor-element elementor-element-9903b8a\" data-id=\"9903b8a\" data-element_type=\"column\" data-e-type=\"column\">\n\t\t\t<div class=\"elementor-widget-wrap elementor-element-populated\">\n\t\t\t\t\t\t<div class=\"elementor-element elementor-element-a8a9199 elementor-widget__width-auto elementor-widget elementor-widget-heading\" data-id=\"a8a9199\" data-element_type=\"widget\" data-e-type=\"widget\" data-widget_type=\"heading.default\">\n\t\t\t\t<div class=\"elementor-widget-container\">\n\t\t\t\t\t<h1 class=\"elementor-heading-title elementor-size-default\">Clubs &amp; exposanten<\/h1>\t\t\t\t<\/div>\n\t\t\t\t<\/div>\n\t\t\t\t\t<\/div>\n\t\t<\/div>\n\t\t\t\t\t<\/div>\n\t\t<\/section>\n\t\t\t\t<section class=\"elementor-section elementor-top-section elementor-element elementor-element-b320cac elementor-reverse-mobile elementor-reverse-tablet elementor-section-boxed elementor-section-height-default elementor-section-height-default\" data-id=\"b320cac\" data-element_type=\"section\" data-e-type=\"section\" data-settings=\"{&quot;background_background&quot;:&quot;classic&quot;,&quot;_ha_eqh_enable&quot;:false}\">\n\t\t\t\t\t\t<div class=\"elementor-container elementor-column-gap-default\">\n\t\t\t\t\t<div class=\"elementor-column elementor-col-50 elementor-top-column elementor-element elementor-element-db720d3\" data-id=\"db720d3\" data-element_type=\"column\" data-e-type=\"column\">\n\t\t\t<div class=\"elementor-widget-wrap elementor-element-populated\">\n\t\t\t\t\t\t<div class=\"elementor-element elementor-element-1e8d262 elementor-widget elementor-widget-menu-anchor\" data-id=\"1e8d262\" data-element_type=\"widget\" data-e-type=\"widget\" data-widget_type=\"menu-anchor.default\">\n\t\t\t\t<div class=\"elementor-widget-container\">\n\t\t\t\t\t\t\t<div class=\"elementor-menu-anchor\" id=\"clubs\"><\/div>\n\t\t\t\t\t\t<\/div>\n\t\t\t\t<\/div>\n\t\t\t\t<div class=\"elementor-element elementor-element-12cd12f elementor-widget elementor-widget-heading\" data-id=\"12cd12f\" data-element_type=\"widget\" data-e-type=\"widget\" data-widget_type=\"heading.default\">\n\t\t\t\t<div class=\"elementor-widget-container\">\n\t\t\t\t\t<h2 class=\"elementor-heading-title elementor-size-default\">Clubs<\/h2>\t\t\t\t<\/div>\n\t\t\t\t<\/div>\n\t\t\t\t<div class=\"elementor-element elementor-element-22d903d elementor-widget elementor-widget-text-editor\" data-id=\"22d903d\" data-element_type=\"widget\" data-e-type=\"widget\" data-widget_type=\"text-editor.default\">\n\t\t\t\t<div class=\"elementor-widget-container\">\n\t\t\t\t\t\t\t\t\t<p class=\"p1\">Les clubs jouent un r\u00f4le important dans le sport moto. Leur pr\u00e9sence ne peut donc pas manquer.<\/p><p class=\"p1\">Motor Revival Zolder est un endroit unique o\u00f9 les clubs (moto) peuvent accueillir les visiteurs \u00e0 bras ouverts. Sp\u00e9cialement pour eux, nous pr\u00e9voyons des stands d'exp\u00e9rience d'une superficie de 25m\u00b2, y compris l'\u00e9lectricit\u00e9 et une frise avec leur nom.<\/p><p class=\"p1\">Annoncer un nouveau salon, mettre en avant un \u00e9v\u00e9nement (de longue date) ou soutenir davantage votre club et vos pilotes.... il y a toujours quelque chose de nouveau ou d'excitant \u00e0 communiquer.<\/p><p class=\"p1\">Pour les clubs, nous avons \u00e9galement des conditions sp\u00e9ciales pour les billets!<span class=\"Apple-converted-space\">\u00a0 \u00a0<\/span><\/p><p class=\"p1\">\u00cates-vous un club et int\u00e9ress\u00e9 ? Contactez-nous via le bouton ci-dessous et d\u00e9couvrez comment nous pouvons en faire ensemble une exp\u00e9rience unique.<\/p>\t\t\t\t\t\t\t\t<\/div>\n\t\t\t\t<\/div>\n\t\t\t\t<div class=\"elementor-element elementor-element-d74c095 elementor-align-left elementor-widget__width-auto elementor-widget elementor-widget-button\" data-id=\"d74c095\" data-element_type=\"widget\" data-e-type=\"widget\" data-widget_type=\"button.default\">\n\t\t\t\t<div class=\"elementor-widget-container\">\n\t\t\t\t\t\t\t\t\t<div class=\"elementor-button-wrapper\">\n\t\t\t\t\t<a class=\"elementor-button elementor-button-link elementor-size-sm\" href=\"https:\/\/motorrevivalzolder.be\/fr\/form\/inschrijving-club\/\">\n\t\t\t\t\t\t<span class=\"elementor-button-content-wrapper\">\n\t\t\t\t\t\t\t\t\t<span class=\"elementor-button-text\">Envoyez-nous un e-mail<\/span>\n\t\t\t\t\t<\/span>\n\t\t\t\t\t<\/a>\n\t\t\t\t<\/div>\n\t\t\t\t\t\t\t\t<\/div>\n\t\t\t\t<\/div>\n\t\t\t\t\t<\/div>\n\t\t<\/div>\n\t\t\t\t<div class=\"elementor-column elementor-col-50 elementor-top-column elementor-element elementor-element-68d401c\" data-id=\"68d401c\" data-element_type=\"column\" data-e-type=\"column\">\n\t\t\t<div class=\"elementor-widget-wrap elementor-element-populated\">\n\t\t\t\t\t\t<div class=\"elementor-element elementor-element-2e3574f dce_masking-none elementor-widget elementor-widget-image\" data-id=\"2e3574f\" data-element_type=\"widget\" data-e-type=\"widget\" data-widget_type=\"image.default\">\n\t\t\t\t<div class=\"elementor-widget-container\">\n\t\t\t\t\t\t\t\t\t\t\t\t\t\t\t<img fetchpriority=\"high\" decoding=\"async\" width=\"450\" height=\"500\" src=\"https:\/\/motorrevivalzolder.be\/wp-content\/uploads\/2024\/09\/Intersection-3.png\" class=\"attachment-large size-large wp-image-3536\" alt=\"\" srcset=\"https:\/\/motorrevivalzolder.be\/wp-content\/uploads\/2024\/09\/Intersection-3.png 450w, https:\/\/motorrevivalzolder.be\/wp-content\/uploads\/2024\/09\/Intersection-3-270x300.png 270w, https:\/\/motorrevivalzolder.be\/wp-content\/uploads\/2024\/09\/Intersection-3-11x12.png 11w\" sizes=\"(max-width: 450px) 100vw, 450px\" \/>\t\t\t\t\t\t\t\t\t\t\t\t\t\t\t<\/div>\n\t\t\t\t<\/div>\n\t\t\t\t<div class=\"elementor-element elementor-element-05c4c46 elementor-absolute dce_masking-none elementor-widget elementor-widget-image\" data-id=\"05c4c46\" data-element_type=\"widget\" data-e-type=\"widget\" data-settings=\"{&quot;_position&quot;:&quot;absolute&quot;}\" data-widget_type=\"image.default\">\n\t\t\t\t<div class=\"elementor-widget-container\">\n\t\t\t\t\t\t\t\t\t\t\t\t\t\t\t<img decoding=\"async\" width=\"450\" height=\"500\" src=\"https:\/\/motorrevivalzolder.be\/wp-content\/uploads\/2024\/09\/Intersection-2.png\" class=\"attachment-large size-large wp-image-3535\" alt=\"\" srcset=\"https:\/\/motorrevivalzolder.be\/wp-content\/uploads\/2024\/09\/Intersection-2.png 450w, https:\/\/motorrevivalzolder.be\/wp-content\/uploads\/2024\/09\/Intersection-2-270x300.png 270w, https:\/\/motorrevivalzolder.be\/wp-content\/uploads\/2024\/09\/Intersection-2-11x12.png 11w\" sizes=\"(max-width: 450px) 100vw, 450px\" \/>\t\t\t\t\t\t\t\t\t\t\t\t\t\t\t<\/div>\n\t\t\t\t<\/div>\n\t\t\t\t\t<\/div>\n\t\t<\/div>\n\t\t\t\t\t<\/div>\n\t\t<\/section>\n\t\t\t\t<section class=\"elementor-section elementor-top-section elementor-element elementor-element-73ea908 elementor-section-boxed elementor-section-height-default elementor-section-height-default\" data-id=\"73ea908\" data-element_type=\"section\" data-e-type=\"section\" data-settings=\"{&quot;background_background&quot;:&quot;classic&quot;,&quot;_ha_eqh_enable&quot;:false}\">\n\t\t\t\t\t\t<div class=\"elementor-container elementor-column-gap-default\">\n\t\t\t\t\t<div class=\"elementor-column elementor-col-50 elementor-top-column elementor-element elementor-element-cff9251\" data-id=\"cff9251\" data-element_type=\"column\" data-e-type=\"column\">\n\t\t\t<div class=\"elementor-widget-wrap elementor-element-populated\">\n\t\t\t\t\t\t<div class=\"elementor-element elementor-element-ec40435 dce_masking-none elementor-widget elementor-widget-image\" data-id=\"ec40435\" data-element_type=\"widget\" data-e-type=\"widget\" data-widget_type=\"image.default\">\n\t\t\t\t<div class=\"elementor-widget-container\">\n\t\t\t\t\t\t\t\t\t\t\t\t\t\t\t<img decoding=\"async\" width=\"800\" height=\"803\" src=\"https:\/\/motorrevivalzolder.be\/wp-content\/uploads\/2024\/08\/POLIS-RGB-1020x1024.jpg\" class=\"attachment-large size-large wp-image-2898\" alt=\"\" srcset=\"https:\/\/motorrevivalzolder.be\/wp-content\/uploads\/2024\/08\/POLIS-RGB-1020x1024.jpg 1020w, https:\/\/motorrevivalzolder.be\/wp-content\/uploads\/2024\/08\/POLIS-RGB-300x300.jpg 300w, https:\/\/motorrevivalzolder.be\/wp-content\/uploads\/2024\/08\/POLIS-RGB-150x150.jpg 150w, https:\/\/motorrevivalzolder.be\/wp-content\/uploads\/2024\/08\/POLIS-RGB-768x771.jpg 768w, https:\/\/motorrevivalzolder.be\/wp-content\/uploads\/2024\/08\/POLIS-RGB-12x12.jpg 12w, https:\/\/motorrevivalzolder.be\/wp-content\/uploads\/2024\/08\/POLIS-RGB.jpg 1266w\" sizes=\"(max-width: 800px) 100vw, 800px\" \/>\t\t\t\t\t\t\t\t\t\t\t\t\t\t\t<\/div>\n\t\t\t\t<\/div>\n\t\t\t\t\t<\/div>\n\t\t<\/div>\n\t\t\t\t<div class=\"elementor-column elementor-col-50 elementor-top-column elementor-element elementor-element-08e37e9\" data-id=\"08e37e9\" data-element_type=\"column\" data-e-type=\"column\">\n\t\t\t<div class=\"elementor-widget-wrap elementor-element-populated\">\n\t\t\t\t\t\t<div class=\"elementor-element elementor-element-5f6ea19 elementor-widget elementor-widget-menu-anchor\" data-id=\"5f6ea19\" data-element_type=\"widget\" data-e-type=\"widget\" data-widget_type=\"menu-anchor.default\">\n\t\t\t\t<div class=\"elementor-widget-container\">\n\t\t\t\t\t\t\t<div class=\"elementor-menu-anchor\" id=\"exposanten\"><\/div>\n\t\t\t\t\t\t<\/div>\n\t\t\t\t<\/div>\n\t\t\t\t<div class=\"elementor-element elementor-element-12da0cd elementor-widget elementor-widget-heading\" data-id=\"12da0cd\" data-element_type=\"widget\" data-e-type=\"widget\" data-widget_type=\"heading.default\">\n\t\t\t\t<div class=\"elementor-widget-container\">\n\t\t\t\t\t<h2 class=\"elementor-heading-title elementor-size-default\">Exposants<\/h2>\t\t\t\t<\/div>\n\t\t\t\t<\/div>\n\t\t\t\t<div class=\"elementor-element elementor-element-ce34efa elementor-widget elementor-widget-text-editor\" data-id=\"ce34efa\" data-element_type=\"widget\" data-e-type=\"widget\" data-widget_type=\"text-editor.default\">\n\t\t\t\t<div class=\"elementor-widget-container\">\n\t\t\t\t\t\t\t\t\t<p>Pendant Motor Revival Zolder, un village appel\u00e9 MotorPolis est construit \u00e0 l'int\u00e9rieur du circuit. Dans ce village, jeunes ou vieux, passionn\u00e9s de moto ou non, peuvent d\u00e9couvrir un monde d'exp\u00e9rience autour des motos, du lifestyle et de la culture.<\/p><p>Vous \u00eates int\u00e9ress\u00e9 \u00e0 faire conna\u00eetre vos produits \u00e0 un public cibl\u00e9 et int\u00e9ress\u00e9? Contactez-nous d\u00e8s aujourd'hui pour plus d'informations et les conditions.<\/p>\t\t\t\t\t\t\t\t<\/div>\n\t\t\t\t<\/div>\n\t\t\t\t<div data-dce-background-color=\"#E94F32\" class=\"elementor-element elementor-element-8c4390a elementor-align-left elementor-widget__width-auto elementor-widget elementor-widget-button\" data-id=\"8c4390a\" data-element_type=\"widget\" data-e-type=\"widget\" data-widget_type=\"button.default\">\n\t\t\t\t<div class=\"elementor-widget-container\">\n\t\t\t\t\t\t\t\t\t<div class=\"elementor-button-wrapper\">\n\t\t\t\t\t<a class=\"elementor-button elementor-button-link elementor-size-sm\" href=\"mailto:hospitality@mrz.bike?subject=Interesse%20Motorpolis\">\n\t\t\t\t\t\t<span class=\"elementor-button-content-wrapper\">\n\t\t\t\t\t\t\t\t\t<span class=\"elementor-button-text\">Envoyez-nous un e-mail<\/span>\n\t\t\t\t\t<\/span>\n\t\t\t\t\t<\/a>\n\t\t\t\t<\/div>\n\t\t\t\t\t\t\t\t<\/div>\n\t\t\t\t<\/div>\n\t\t\t\t\t<\/div>\n\t\t<\/div>\n\t\t\t\t\t<\/div>\n\t\t<\/section>\n\t\t\t\t<section class=\"elementor-section elementor-top-section elementor-element elementor-element-715e5ec elementor-section-full_width elementor-section-height-default elementor-section-height-default\" data-id=\"715e5ec\" data-element_type=\"section\" data-e-type=\"section\" data-settings=\"{&quot;_ha_eqh_enable&quot;:false}\">\n\t\t\t\t\t\t<div class=\"elementor-container elementor-column-gap-default\">\n\t\t\t\t\t<div class=\"elementor-column elementor-col-100 elementor-top-column elementor-element elementor-element-f2c85c4\" data-id=\"f2c85c4\" data-element_type=\"column\" data-e-type=\"column\">\n\t\t\t<div class=\"elementor-widget-wrap elementor-element-populated\">\n\t\t\t\t\t\t<div class=\"elementor-element elementor-element-c57f465 dce_masking-none elementor-widget elementor-widget-image\" data-id=\"c57f465\" data-element_type=\"widget\" data-e-type=\"widget\" data-widget_type=\"image.default\">\n\t\t\t\t<div class=\"elementor-widget-container\">\n\t\t\t\t\t\t\t\t\t\t\t\t\t\t\t<img loading=\"lazy\" decoding=\"async\" width=\"1920\" height=\"532\" src=\"https:\/\/motorrevivalzolder.be\/wp-content\/uploads\/2024\/09\/new-bg.jpg\" class=\"attachment-2048x2048 size-2048x2048 wp-image-3495\" alt=\"\" srcset=\"https:\/\/motorrevivalzolder.be\/wp-content\/uploads\/2024\/09\/new-bg.jpg 1920w, https:\/\/motorrevivalzolder.be\/wp-content\/uploads\/2024\/09\/new-bg-300x83.jpg 300w, https:\/\/motorrevivalzolder.be\/wp-content\/uploads\/2024\/09\/new-bg-1024x284.jpg 1024w, https:\/\/motorrevivalzolder.be\/wp-content\/uploads\/2024\/09\/new-bg-768x213.jpg 768w, https:\/\/motorrevivalzolder.be\/wp-content\/uploads\/2024\/09\/new-bg-1536x426.jpg 1536w, https:\/\/motorrevivalzolder.be\/wp-content\/uploads\/2024\/09\/new-bg-18x5.jpg 18w\" sizes=\"(max-width: 1920px) 100vw, 1920px\" \/>\t\t\t\t\t\t\t\t\t\t\t\t\t\t\t<\/div>\n\t\t\t\t<\/div>\n\t\t\t\t\t<\/div>\n\t\t<\/div>\n\t\t\t\t\t<\/div>\n\t\t<\/section>\n\t\t\t\t<\/div>","protected":false},"excerpt":{"rendered":"<p>Clubs &amp; exposanten Clubs Clubs spelen een belangrijke rol in de motorsport. Hun aanwezigheid mag dan ook niet ontbreken. Motor Revival Zolder is een unieke plaats waar (motor-)clubs de bezoekers met open armen kunnen ontvangen. Speciaal voor hen voorzien wij beleefstands met een oppervlakte van 25m\u00b2, inclusief elektriciteit en een frieslijst met hun naam. Een [&hellip;]<\/p>","protected":false},"author":5,"featured_media":3535,"parent":0,"menu_order":5,"comment_status":"closed","ping_status":"closed","template":"elementor_header_footer","meta":{"_acf_changed":false,"footnotes":""},"class_list":["post-2197","page","type-page","status-publish","has-post-thumbnail","hentry"],"acf":[],"_links":{"self":[{"href":"https:\/\/motorrevivalzolder.be\/fr\/wp-json\/wp\/v2\/pages\/2197","targetHints":{"allow":["GET"]}}],"collection":[{"href":"https:\/\/motorrevivalzolder.be\/fr\/wp-json\/wp\/v2\/pages"}],"about":[{"href":"https:\/\/motorrevivalzolder.be\/fr\/wp-json\/wp\/v2\/types\/page"}],"author":[{"embeddable":true,"href":"https:\/\/motorrevivalzolder.be\/fr\/wp-json\/wp\/v2\/users\/5"}],"replies":[{"embeddable":true,"href":"https:\/\/motorrevivalzolder.be\/fr\/wp-json\/wp\/v2\/comments?post=2197"}],"version-history":[{"count":0,"href":"https:\/\/motorrevivalzolder.be\/fr\/wp-json\/wp\/v2\/pages\/2197\/revisions"}],"wp:featuredmedia":[{"embeddable":true,"href":"https:\/\/motorrevivalzolder.be\/fr\/wp-json\/wp\/v2\/media\/3535"}],"wp:attachment":[{"href":"https:\/\/motorrevivalzolder.be\/fr\/wp-json\/wp\/v2\/media?parent=2197"}],"curies":[{"name":"wp","href":"https:\/\/api.w.org\/{rel}","templated":true}]}}